{"id":76,"date":"2020-03-27T17:02:54","date_gmt":"2020-03-27T16:02:54","guid":{"rendered":"https:\/\/sitiwebdiamondweb.com\/progetti\/atec\/?page_id=76"},"modified":"2020-03-27T17:02:56","modified_gmt":"2020-03-27T16:02:56","slug":"cookie-policy","status":"publish","type":"page","link":"https:\/\/sitiwebdiamondweb.com\/progetti\/atec\/cookie-policy\/","title":{"rendered":"Cookie Policy"},"content":{"rendered":"\n<p>Questo\nsito fa uso di cookie, file di testo che vengono registrati sul terminale\ndell&#8217;utente oppure che consentono l&#8217;accesso ad informazioni sul terminale dell&#8217;utente.\nI cookie permettono di conservare informazioni sulle preferenze dei visitatori,\nsono utilizzati al fine di verificare il corretto funzionamento del sito e di\nmigliorarne le funzionalit\u00e0 personalizzando il contenuto delle pagine in base\nal tipo del browser utilizzato, oppure per semplificarne la navigazione\nautomatizzando le procedure (es. Login, lingua sito), ed infine per l&#8217;analisi\ndell&#8217;uso del sito da parte dei visitatori.<\/p>\n\n\n\n<p>Il\npresente sito fa uso delle seguenti categorie di cookie:<\/p>\n\n\n\n<p>&#8211;&nbsp;cookie\ntecnici, utilizzati al solo fine di effettuare la trasmissione di una\ncomunicazione elettronica, per garantire la corretta visualizzazione del sito e\nla navigazione all\u2019interno di esso. Inoltre, consentono di distinguere tra i\nvari utenti collegati al fine di fornire un servizio richiesto all\u2019utente\ngiusto (Login), e per motivi di sicurezza del sito. Alcuni di questi cookie\nsono eliminati alla chiusura del browser (cookie di sessione), altri hanno una\ndurata maggiore (come ad esempio il cookie necessario per conservazione il\nconsenso dell\u2019utente in relazione all\u2019uso dei cookie, che dura 1 anno). Per\nquesti cookie non occorre consenso;<\/p>\n\n\n\n<p>&#8211;&nbsp;cookie\ndi analisi, utilizzati direttamente dal gestore del sito per raccogliere\ninformazioni, in forma aggregata, sul numero degli utenti e su come questi\nvisitano il sito stesso. Sono assimilati ai cookie tecnici se il servizio \u00e8\nanonimizzato.<\/p>\n\n\n\n<p>&#8211;&nbsp;cookie\ndi profilazione e marketing, utilizzati esclusivamente da terze parti diverse\ndal titolare del presente sito per raccogliere informazioni sul comportamento\ndeli utenti durante la navigazione, e sugli interessi e abitudini di consumo,\nanche al fine di fornire pubblicit\u00e0 personalizzata.<\/p>\n\n\n\n<p>Cliccando&nbsp;OK\nsul banner&nbsp;presente al primo accesso al sito oppure&nbsp;navigando il\nsito, il visitatore acconsente espressamente all&#8217;uso dei cookie e delle\ntecnologie similari, e in particolare alla registrazione di tali cookie sul suo\nterminale per le finalit\u00e0 sopra indicate, oppure all&#8217;accesso tramite i cookie\nad informazioni sul suo terminale.<\/p>\n\n\n\n<h4>Disabilitazione cookie<\/h4>\n\n\n\n<p>L&#8217;utente\npu\u00f2 rifiutare l&#8217;utilizzo dei cookie e in qualsiasi momento pu\u00f2 revocare un\nconsenso gi\u00e0 fornito. Poich\u00e9 i cookie sono collegati al browser\nutilizzato,&nbsp;POSSONO ESSERE DISABILITATI DIRETTAMENTE DAL BROWSER, cos\u00ec\nrifiutando\/revocando il consenso all&#8217;uso dei cookie, oppure tramite\nil&nbsp;banner posto a fondo pagina.<\/p>\n\n\n\n<p>LA\nDISABILITAZIONE DEI COOKIE POTREBBE IMPEDIRE IL CORRETTO UTILIZZO DI ALCUNE\nFUNZIONI DEL SITO STESSO, in particolare i servizi forniti da terze parti\npotrebbero non essere accessibili, e quindi potrebbero non essere\nvisualizzabili:<br>\n&#8211; video di YouTube o altri servizi di condivisione video;<br>\n&#8211; i social button dei social network;<br>\n&#8211; le mappe di Google.<\/p>\n\n\n\n<p>Le\nistruzioni per la disabilitazione dei cookies si trovano alle seguenti pagine\nweb:<\/p>\n\n\n\n<p><a href=\"https:\/\/support.mozilla.org\/it\/kb\/Attivare%20e%20disattivare%20i%20cookie\">Mozilla\nFirefox<\/a>&nbsp;&#8211;&nbsp;<a href=\"https:\/\/support.microsoft.com\/it-it\/help\/17442\/windows-internet-explorer-delete-manage-cookies\">Microsoft\nInternet Explorer<\/a>&nbsp;&#8211;&nbsp;<a href=\"https:\/\/support.microsoft.com\/it-it\/help\/4027947\/windows-delete-cookies\">Microsoft\nEdge<\/a>&nbsp;&#8211;&nbsp;<a href=\"https:\/\/support.google.com\/chrome\/answer\/95647?hl=it\">Google Chrome<\/a>&nbsp;&#8211;&nbsp;<a href=\"http:\/\/help.opera.com\/Windows\/10.00\/it\/cookies.html\">Opera<\/a>&nbsp;&#8211;&nbsp;<a href=\"https:\/\/support.apple.com\/it-it\/HT201265\">Apple Safari<\/a><\/p>\n\n\n\n<h4>Cookie di terze parti<\/h4>\n\n\n\n<p>Questo\nsito funge anche da intermediario per cookie di terze parti (come i pulsanti\nper i social network), utilizzati per poter fornire ulteriori servizi e\nfunzionalit\u00e0 ai visitatori e per semplificare l&#8217;uso del sito stesso, o per\nfornire pubblicit\u00e0 personalizzata. Questo sito non ha alcun controllo sui loro\ncookie interamente gestiti dalle terze parti e non ha accesso alle informazioni\nraccolte tramite detti cookie. Le informazioni sull&#8217;uso dei detti cookie e\nsulle finalit\u00e0 degli stessi, nonch\u00e9 sulle modalit\u00e0 per l&#8217;eventuale\ndisabilitazione, sono fornite direttamente dalle terze parti alle pagine\nindicate di seguito.<\/p>\n\n\n\n<p>Si\nrammenta che generalmente il tracciamento degli utenti non comporta\nidentificazione dello stesso, a meno che l&#8217;Utente non sia gi\u00e0 iscritto al\nservizio e non sia anche gi\u00e0 loggato, nel qual caso si intende che l&#8217;Utente ha\ngi\u00e0 espresso il suo consenso direttamente alla terza parte al momento dell&#8217;iscrizione\nal relativo servizio (es. Facebook).<\/p>\n\n\n\n<p>Il\npresente sito utilizza cookie delle seguenti terze parti.<\/p>\n\n\n\n<p>&#8211;&nbsp;Google\nInc.<br>\nPer informazioni sull&#8217;uso dei dati e sul loro trattamento da parte di Google si\nraccomanda di prendere visione dell\u2019<a href=\"https:\/\/policies.google.com\/privacy?hl=it\">informativa privacy di Google<\/a>&nbsp;e delle&nbsp;<a href=\"https:\/\/policies.google.com\/technologies\/partner-sites?hl=it\">Modalit\u00e0 di\nutilizzo dei dati da parte di Google quando si utilizzano siti o app dei\npartner<\/a>.<\/p>\n\n\n\n<p>&#8211;&nbsp;Google&nbsp;Analytics:\nutilizzato per analizzare l\u2019uso del sito da parte degli utenti, compilare\nreport sulle attivit\u00e0 del sito e il comportamento degli utenti, verificare\nquanto spesso gli utenti visitano il sito, come il sito viene rintracciato e\nquali pagine sono visitate pi\u00f9 frequentemente. Le informazioni sono combinate\ncon informazioni raccolte da altri siti al fine di creare un quadro comparativo\ndell&#8217;uso del sito rispetto ad altri siti delle medesima categoria.<br>\nDati raccolti: identificativo del browser, data e orario di interazione col\nsito, pagina di provenienza, indirizzo IP.<br>\nLuogo di trattamento dei dati: Unione europea essendo attiva l\u2019anonimizzazione\ndel servizio.<\/p>\n\n\n\n<p>I\ndati raccolti non consentono l&#8217;identificazione personale degli utenti, e non\nsono incrociati con altre informazioni relative alla stessa persone.\nSono&nbsp;trattati in formaaggregata e anonimizzati&nbsp;(troncati all&#8217;ultimo\nottetto). In base ad apposito accordo \u00e8 vietato a Google Inc. l&#8217;incrocio di\ntali dati con quelli ricavati da altri servizi.<\/p>\n\n\n\n<p>Ulteriori\ninformazioni sui cookies di Google Analytics si trovano alla pagina&nbsp;<a href=\"https:\/\/developers.google.com\/analytics\/devguides\/collection\/analyticsjs\/cookie-usage\">Google\nAnalytics Cookie Usage on Websites<\/a>.<\/p>\n\n\n\n<p>L&#8217;utente\npu\u00f2&nbsp;disabilitare&nbsp;(opt-out) in modo selettivo la raccolta dei dati da\nparte di Google Analytics&nbsp;installando sul proprio browser l&#8217;<a href=\"https:\/\/tools.google.com\/dlpage\/gaoptout\">apposito componente fornito da Google<\/a>(opt out).<\/p>\n\n\n\n<p>&#8211;&nbsp;Youtube:\npiattaforma, di propriet\u00e0 di Google, per la condivisione di video. I cookie\nsono impostati all&#8217;accesso della pagine contenente l&#8217;embed, e all&#8217;avvio del\nvideo, e non consentono l&#8217;identificazione dell&#8217;Utente a meno che non sia gi\u00e0\nloggato nel profilo Google.<br>\nPer i video presenti sul sito \u00e8 stata attivata l&#8217;opzione&nbsp; &#8220;<a href=\"#privacy\">privacy avanzata<\/a>&nbsp;(no cookie)&#8221;&nbsp;che fa in modo che YouTube non memorizzi\nle informazioni sui visitatori a meno che non riproducano volontariamente il\nvideo.<br>\nDati raccolti: numero e comportamento degli utenti del servizio, indirizzo IP,\ninformazioni che collegano le visite al sito all&#8217;account Google per gli utenti\ngi\u00e0 loggati, preferenze sulla visualizzazione dei video.<br>\nLuogo di trattamento dei dati: USA.<\/p>\n\n\n\n<h4>Plugin Social Network<\/h4>\n\n\n\n<p>Il\npresente sito incorpora anche plugin e\/o bottoni al fine di consentire una\nfacile condivisione dei contenuti sui vostri social network preferiti. Quando\nvisiti una pagina del nostro sito web che contiene un plugin, il tuo browser si\ncollega direttamente ai server del social network da dove \u00e8 caricato il plugin,\nil quale server pu\u00f2 tracciare la tua visita al nostro sito web e, se del caso,\nassociarla al tuo account del social, in particolare se sei connesso al momento\ndella visita o se hai recentemente navigato in uno dei siti web contenenti\nplugin social. Se non desideri che il social network registri i dati relativi\nalla tua visita sul nostro sito web, devi uscire dal tuo account del social e,\nprobabilmente, eliminare i cookie che il social network ha installato nel tuo\nbrowser.<\/p>\n\n\n\n<p>Sul\npresente sito sono installati&nbsp;plugin con funzioni di tutela avanzata della\nprivacy degli Utenti, che non inviano cookie o accedono ai cookie presenti sul\nbrowser dell\u2019Utente all\u2019apertura della pagina ma solo dopo il click sul plugin.<\/p>\n\n\n\n<p>La\nraccolta e l\u2019uso delle informazioni da parte di tali terzi sono regolati dalle\nrispettive informative privacy alle quali si prega di fare riferimento.<\/p>\n\n\n\n<p>&#8211;&nbsp;<a href=\"https:\/\/www.facebook.com\/about\/privacy\/\">Facebook<\/a>&nbsp;(<a href=\"https:\/\/www.facebook.com\/help\/cookies\/\">link informativa cookie<\/a>)<br>\n&#8211;&nbsp;<a href=\"https:\/\/twitter.com\/privacy?lang=it\">Twitter<\/a>&nbsp;(<a href=\"https:\/\/support.twitter.com\/articles\/20170519-uso-dei-cookie-e-di-altre-tecnologie-simili-da-parte-di-twitter\">link\ninformativa cookie<\/a>)<br>\n&#8211;&nbsp;<a href=\"https:\/\/www.linkedin.com\/legal\/privacy-policy\">LinkedIn<\/a>&nbsp;(<a href=\"https:\/\/www.linkedin.com\/legal\/cookie-policy\">link informativa cookie<\/a>)<br>\n&#8211;&nbsp;<a href=\"http:\/\/www.google.com\/intl\/it\/policies\/privacy\/\">Google+<\/a>&nbsp;(<a href=\"http:\/\/www.google.it\/intl\/it\/policies\/technologies\/cookies\/\">link\ninformativa cookie<\/a>).<\/p>\n\n\n\n<h4>Misure di sicurezza<\/h4>\n\n\n\n<p>Trattiamo\ni dati dei visitatori\/utenti in maniera lecita e corretta, adottando le\nopportune misure di sicurezza volte ad impedire accessi non autorizzati, divulgazione,\nmodifica o distruzione non autorizzata dei dati. Ci impegniamo a tutelare la\nsicurezza dei tuoi dati personali durante il loro invio, utilizzando il\nsoftware Secure Sockets Layer (SSL), che cripta le informazioni in transito. Il\ntrattamento viene effettuato mediante strumenti informatici e\/o telematici, con\nmodalit\u00e0 organizzative e con logiche strettamente correlate alle finalit\u00e0\nindicate. Oltre al Titolare, in alcuni casi, potrebbero avere accesso ai dati\ncategorie di incaricati coinvolti nell\u2019organizzazione del sito ovvero soggetti\nesterni (come fornitori di servizi tecnici terzi, hosting provider).<\/p>\n\n\n\n<p>Diritti\ndell&#8217;utente<\/p>\n\n\n\n<p>Ai\nsensi del Regolamento europeo 679\/2016 (GDPR) e dell&#8217;art. 7 del&nbsp;<a href=\"http:\/\/www.garanteprivacy.it\/web\/guest\/home\/docweb\/-\/docweb-display\/docweb\/1311248\">D. Lgs. 30\ngiugno 2003, n. 196<\/a>, l&#8217;Utente pu\u00f2, secondo le modalit\u00e0 e nei limiti previsti dalla vigente\nnormativa, esercitare i deguenti diritti:<\/p>\n\n\n\n<p>&#8211;\nopporsi in tutto o in parte, per motivi legittimi al trattamento dei dati\npersonali che lo riguardano ai fini di invio di materiale pubblicitario o di\nvendita diretta o per il compimento di ricerche di mercato o di comunicazione\ncommerciale;<br>\n&#8211; richiedere la conferma dell&#8217;esistenza di dati personali che lo riguardano\n(diritto di accesso);<br>\n&#8211; conoscerne l&#8217;origine;<br>\n&#8211; riceverne comunicazione intelligibile;<br>\n&#8211; avere informazioni circa la logica, le modalit\u00e0 e le finalit\u00e0 del\ntrattamento;<br>\n&#8211; richiederne l&#8217;aggiornamento, la rettifica, l&#8217;integrazione, la cancellazione,\nla trasformazione in forma anonima, il blocco dei dati trattati in violazione\ndi legge, ivi compresi quelli non pi\u00f9 necessari al perseguimento degli scopi\nper i quali sono stati raccolti;<br>\n&#8211; nei casi di trattamento basato su consenso, ricevere al solo costo\ndell\u2019eventuale supporto, i suoi dati forniti al titolare, in forma strutturata\ne leggibile da un elaboratore di dati e in un formato comunemente usato da un\ndispositivo elettronico;<br>\n&#8211; il diritto di presentare un reclamo all\u2019Autorit\u00e0 di controllo (Garante\nPrivacy \u2013&nbsp;<a href=\"http:\/\/www.garanteprivacy.it\/web\/guest\/home\/docweb\/-\/docweb-display\/docweb\/4535524\">link alla\npagina del Garante<\/a>);<br>\n&#8211; nonch\u00e9, pi\u00f9 in generale, esercitare tutti i diritti che gli sono riconosciuti\ndalle vigenti disposizioni di legge.<\/p>\n\n\n\n<p>Le\nrichieste vanno rivolte al Titolare del trattamento.<\/p>\n\n\n\n<h4>Soggetti del trattamento<\/h4>\n\n\n\n<p>Titolare&nbsp;del\ntrattamento ai sensi delle leggi vigenti \u00e8 l&#8217;amministratore del sito, Bruno\nSAETTA, contattabile tramite la sezione&nbsp;CONTATTI&nbsp;(link in fondo alla\npagina).<\/p>\n\n\n\n<h4>Aggiornamenti<\/h4>\n\n\n\n<p>La\npresente privacy policy \u00e8 aggiornata alla data del 6 giugno 2018.<\/p>\n","protected":false},"excerpt":{"rendered":"<p>Questo sito fa uso di cookie, file di testo che vengono registrati sul terminale dell&#8217;utente oppure che consentono l&#8217;accesso ad informazioni sul terminale dell&#8217;utente. I cookie<span class=\"excerpt-hellip\"> [\u2026]<\/span><\/p>\n","protected":false},"author":1,"featured_media":0,"parent":0,"menu_order":0,"comment_status":"closed","ping_status":"open","template":"","meta":[],"_links":{"self":[{"href":"https:\/\/sitiwebdiamondweb.com\/progetti\/atec\/wp-json\/wp\/v2\/pages\/76"}],"collection":[{"href":"https:\/\/sitiwebdiamondweb.com\/progetti\/atec\/wp-json\/wp\/v2\/pages"}],"about":[{"href":"https:\/\/sitiwebdiamondweb.com\/progetti\/atec\/wp-json\/wp\/v2\/types\/page"}],"author":[{"embeddable":true,"href":"https:\/\/sitiwebdiamondweb.com\/progetti\/atec\/wp-json\/wp\/v2\/users\/1"}],"replies":[{"embeddable":true,"href":"https:\/\/sitiwebdiamondweb.com\/progetti\/atec\/wp-json\/wp\/v2\/comments?post=76"}],"version-history":[{"count":1,"href":"https:\/\/sitiwebdiamondweb.com\/progetti\/atec\/wp-json\/wp\/v2\/pages\/76\/revisions"}],"predecessor-version":[{"id":77,"href":"https:\/\/sitiwebdiamondweb.com\/progetti\/atec\/wp-json\/wp\/v2\/pages\/76\/revisions\/77"}],"wp:attachment":[{"href":"https:\/\/sitiwebdiamondweb.com\/progetti\/atec\/wp-json\/wp\/v2\/media?parent=76"}],"curies":[{"name":"wp","href":"https:\/\/api.w.org\/{rel}","templated":true}]}}